{"id":8,"date":"2026-03-13T11:12:40","date_gmt":"2026-03-13T11:12:40","guid":{"rendered":"https:\/\/pientenpyorat.fi\/?page_id=8"},"modified":"2026-03-13T11:17:34","modified_gmt":"2026-03-13T11:17:34","slug":"pienten-pyorat","status":"publish","type":"page","link":"https:\/\/pientenpyorat.fi\/?page_id=8","title":{"rendered":"Pienten Py\u00f6r\u00e4t"},"content":{"rendered":"\n<div class=\"wp-block-group alignfull is-style-section-5 is-layout-flow wp-block-group-is-layout-flow is-style-section-5--1\" style=\"min-height:100vh;margin-top:0;margin-bottom:0;padding-top:var(--wp--preset--spacing--50);padding-right:var(--wp--preset--spacing--50);padding-bottom:var(--wp--preset--spacing--50);padding-left:var(--wp--preset--spacing--50)\">\n<div class=\"wp-block-columns alignfull is-layout-flex wp-container-core-columns-is-layout-47c06fe3 wp-block-columns-is-layout-flex\">\n<div class=\"wp-block-column is-layout-flow wp-block-column-is-layout-flow\">\n<div class=\"wp-block-cover is-light\" style=\"min-height:100vh;aspect-ratio:unset;\"><img decoding=\"async\" class=\"wp-block-cover__image-background wp-image-10 size-full\" alt=\"\" src=\"https:\/\/pientenpyorat.fi\/wp-content\/uploads\/2026\/03\/IMG_1844.jpeg\" data-object-fit=\"cover\"\/><span aria-hidden=\"true\" class=\"wp-block-cover__background has-background-dim-0 has-background-dim\" style=\"background-color:#818181\"><\/span><div class=\"wp-block-cover__inner-container is-layout-flow wp-block-cover-is-layout-flow\">\n<div style=\"height:var(--wp--preset--spacing--20)\" aria-hidden=\"true\" class=\"wp-block-spacer\"><\/div>\n<\/div><\/div>\n<\/div>\n\n\n\n<div class=\"wp-block-column is-layout-flow wp-block-column-is-layout-flow\">\n<div class=\"wp-block-group is-vertical is-content-justification-stretch is-nowrap is-layout-flex wp-container-core-group-is-layout-9a2e2d63 wp-block-group-is-layout-flex\" style=\"min-height:100%\">\n<p>Lasten polkupy\u00f6rien erikoiskellari Kaarinassa. <br><br>www maailmaa t\u00e4ss\u00e4 muokataan pika pikaa, joten malttakaa viel\u00e4 hetki. <br><br><\/p>\n<\/div>\n<\/div>\n<\/div>\n<\/div>\n","protected":false},"excerpt":{"rendered":"<p>Lasten polkupy\u00f6rien erikoiskellari Kaarinassa. www maailmaa t\u00e4ss\u00e4 muokataan pika pikaa, joten malttakaa viel\u00e4 hetki.<\/p>\n","protected":false},"author":1,"featured_media":0,"parent":0,"menu_order":0,"comment_status":"closed","ping_status":"closed","template":"","meta":{"footnotes":""},"class_list":["post-8","page","type-page","status-publish","hentry"],"_links":{"self":[{"href":"https:\/\/pientenpyorat.fi\/index.php?rest_route=\/wp\/v2\/pages\/8","targetHints":{"allow":["GET"]}}],"collection":[{"href":"https:\/\/pientenpyorat.fi\/index.php?rest_route=\/wp\/v2\/pages"}],"about":[{"href":"https:\/\/pientenpyorat.fi\/index.php?rest_route=\/wp\/v2\/types\/page"}],"author":[{"embeddable":true,"href":"https:\/\/pientenpyorat.fi\/index.php?rest_route=\/wp\/v2\/users\/1"}],"replies":[{"embeddable":true,"href":"https:\/\/pientenpyorat.fi\/index.php?rest_route=%2Fwp%2Fv2%2Fcomments&post=8"}],"version-history":[{"count":3,"href":"https:\/\/pientenpyorat.fi\/index.php?rest_route=\/wp\/v2\/pages\/8\/revisions"}],"predecessor-version":[{"id":14,"href":"https:\/\/pientenpyorat.fi\/index.php?rest_route=\/wp\/v2\/pages\/8\/revisions\/14"}],"wp:attachment":[{"href":"https:\/\/pientenpyorat.fi\/index.php?rest_route=%2Fwp%2Fv2%2Fmedia&parent=8"}],"curies":[{"name":"wp","href":"https:\/\/api.w.org\/{rel}","templated":true}]}}